{"id":142,"date":"2026-02-03T23:29:04","date_gmt":"2026-02-03T23:29:04","guid":{"rendered":"https:\/\/sarthdriver-vtc-le-mans.fr\/?page_id=142"},"modified":"2026-02-06T12:11:51","modified_gmt":"2026-02-06T12:11:51","slug":"vtc-sarthe-chauffeur-prive-professionnel-dans-tout-le-departement","status":"publish","type":"page","link":"https:\/\/sarthdriver-vtc-le-mans.fr\/index.php\/vtc-sarthe-chauffeur-prive-professionnel-dans-tout-le-departement\/","title":{"rendered":"VTC Sarthe \u2013 Chauffeur priv\u00e9 au Mans et en Sarthe | Sarth\u2019Driver"},"content":{"rendered":"\t\t<div data-elementor-type=\"wp-page\" data-elementor-id=\"142\" class=\"elementor elementor-142\">\n\t\t\t\t<div class=\"elementor-element elementor-element-00d4e3c e-flex e-con-boxed e-con e-parent\" data-id=\"00d4e3c\" data-element_type=\"container\">\n\t\t\t\t\t<div class=\"e-con-inner\">\n\t\t\t\t<div class=\"elementor-element elementor-element-d3be516 elementor-widget elementor-widget-heading\" data-id=\"d3be516\" data-element_type=\"widget\" data-widget_type=\"heading.default\">\n\t\t\t\t\t<h1 class=\"elementor-heading-title elementor-size-default\">VTC Sarthe \u2013 Chauffeur priv\u00e9 haut de gamme dans tout le d\u00e9partement 7j\/7<\/h1>\t\t\t\t<\/div>\n\t\t\t\t<div class=\"elementor-element elementor-element-ce6205b elementor-widget elementor-widget-image\" data-id=\"ce6205b\" data-element_type=\"widget\" data-widget_type=\"image.default\">\n\t\t\t\t\t\t\t\t\t\t\t\t<figure class=\"wp-caption\">\n\t\t\t\t\t\t\t\t\t\t<img decoding=\"async\" src=\"https:\/\/sarthdriver-vtc-le-mans.fr\/wp-content\/uploads\/2026\/02\/vtc-sarthe-vehicule-haut-de-gamme-sarthdriver.jpg-e1770160451412.jpeg\" title=\"VTC Sarthe \u2013 V\u00e9hicule haut de gamme avec chauffeur priv\u00e9\" alt=\"Chauffeur VTC en Sarthe \u2013 v\u00e9hicule haut de gamme Mercedes pour transport priv\u00e9 et professionnel\" loading=\"lazy\" \/>\t\t\t\t\t\t\t\t\t\t\t<figcaption class=\"widget-image-caption wp-caption-text\">V\u00e9hicule VTC haut de gamme Sarth\u2019Driver pour vos d\u00e9placements en Sarthe<\/figcaption>\n\t\t\t\t\t\t\t\t\t\t<\/figure>\n\t\t\t\t\t\t\t\t\t<\/div>\n\t\t\t\t<div class=\"elementor-element elementor-element-0d5ff88 elementor-widget elementor-widget-text-editor\" data-id=\"0d5ff88\" data-element_type=\"widget\" data-widget_type=\"text-editor.default\">\n\t\t\t\t\t\t\t\t\t<p><strong data-start=\"384\" data-end=\"434\">Sarth\u2019Driver est votre chauffeur VTC en Sarthe<\/strong>, sp\u00e9cialis\u00e9 dans les <strong data-start=\"456\" data-end=\"497\">d\u00e9placements priv\u00e9s et professionnels<\/strong> au d\u00e9part ou \u00e0 destination de <strong data-start=\"528\" data-end=\"564\">toutes les communes de la Sarthe<\/strong>.<\/p><p>Bas\u00e9 au Mans, Sarth\u2019Driver assure \u00e9galement un service d\u00e9di\u00e9 de <a href=\"https:\/\/sarthdriver-vtc-le-mans.fr\/index.php\/vtc-le-mans\/\"><strong data-start=\"1314\" data-end=\"1329\">VTC au Mans<\/strong><\/a>, pour tous vos d\u00e9placements urbains, professionnels ou priv\u00e9s.<\/p><p><strong data-start=\"604\" data-end=\"651\">Service VTC fiable, confortable et ponctuel<\/strong>, disponible <strong data-start=\"664\" data-end=\"688\">7j\/7 sur r\u00e9servation<\/strong>.<\/p>\t\t\t\t\t\t\t\t<\/div>\n\t\t<div class=\"elementor-element elementor-element-192c1ce e-con-full e-flex e-con e-child\" data-id=\"192c1ce\" data-element_type=\"container\">\n\t\t\t\t<div class=\"elementor-element elementor-element-dfaed8b elementor-widget elementor-widget-heading\" data-id=\"dfaed8b\" data-element_type=\"widget\" data-widget_type=\"heading.default\">\n\t\t\t\t\t<h2 class=\"elementor-heading-title elementor-size-default\">Votre chauffeur VTC en Sarthe pour tous vos d\u00e9placements<\/h2>\t\t\t\t<\/div>\n\t\t\t\t<div class=\"elementor-element elementor-element-2c81927 elementor-widget elementor-widget-text-editor\" data-id=\"2c81927\" data-element_type=\"widget\" data-widget_type=\"text-editor.default\">\n\t\t\t\t\t\t\t\t\t<p>Notre service de <strong data-start=\"557\" data-end=\"574\">VTC en Sarthe<\/strong> s\u2019adresse aussi bien aux particuliers qu\u2019aux professionnels, pour tous types de trajets : d\u00e9placements locaux, longues distances ou mise \u00e0 disposition avec chauffeur.<br data-start=\"741\" data-end=\"744\" \/>Bas\u00e9 pr\u00e8s du Mans, Sarth\u2019Driver intervient \u00e9galement comme <a href=\"https:\/\/sarthdriver-vtc-le-mans.fr\/index.php\/vtc-le-mans\/\"><strong data-start=\"805\" data-end=\"830\">chauffeur VTC au Mans<\/strong><\/a> pour tous vos d\u00e9placements urbains et longue distance.<\/p>\t\t\t\t\t\t\t\t<\/div>\n\t\t\t\t<\/div>\n\t\t\t\t\t<\/div>\n\t\t\t\t<\/div>\n\t\t<div class=\"elementor-element elementor-element-4caad03 e-flex e-con-boxed e-con e-parent\" data-id=\"4caad03\" data-element_type=\"container\">\n\t\t\t\t\t<div class=\"e-con-inner\">\n\t\t\t\t<div class=\"elementor-element elementor-element-d147c42 elementor-widget elementor-widget-heading\" data-id=\"d147c42\" data-element_type=\"widget\" data-widget_type=\"heading.default\">\n\t\t\t\t\t<h2 class=\"elementor-heading-title elementor-size-default\">Transferts VTC en Sarthe : Gares, a\u00e9roports et longues distances<\/h2>\t\t\t\t<\/div>\n\t\t\t\t<div class=\"elementor-element elementor-element-4c62790 elementor-widget elementor-widget-image\" data-id=\"4c62790\" data-element_type=\"widget\" data-widget_type=\"image.default\">\n\t\t\t\t\t\t\t\t\t\t\t\t<figure class=\"wp-caption\">\n\t\t\t\t\t\t\t\t\t\t<img decoding=\"async\" src=\"https:\/\/sarthdriver-vtc-le-mans.fr\/wp-content\/uploads\/elementor\/thumbs\/vtc-sarthe-transfert-aeroport-arnage-le-mans.jpg-scaled-e1770161165531-rimsbules6rk4nkrnqtfr8bqq48zcbj0if9fawzlao.jpeg\" title=\"vtc-sarthe-transfVTC Sarthe \u2013 transfert a\u00e9roport du Mans \u00e0 Arnage\" alt=\"Chauffeur VTC en Sarthe assurant un transfert vers l\u2019a\u00e9roport du Mans situ\u00e9 \u00e0 Arnage avec v\u00e9hicule haut de gamme\" loading=\"lazy\" \/>\t\t\t\t\t\t\t\t\t\t\t<figcaption class=\"widget-image-caption wp-caption-text\">Transfert a\u00e9roport du Mans \u00e0 Arnage avec chauffeur VTC professionnel en Sarthe<\/figcaption>\n\t\t\t\t\t\t\t\t\t\t<\/figure>\n\t\t\t\t\t\t\t\t\t<\/div>\n\t\t\t\t<div class=\"elementor-element elementor-element-a7dcc1f elementor-widget elementor-widget-text-editor\" data-id=\"a7dcc1f\" data-element_type=\"widget\" data-widget_type=\"text-editor.default\">\n\t\t\t\t\t\t\t\t\t<p data-start=\"1246\" data-end=\"1421\">Nous assurons vos <strong data-start=\"1264\" data-end=\"1292\">transferts VTC en Sarthe<\/strong> vers les <strong data-start=\"1302\" data-end=\"1311\">gares<\/strong>, les <strong data-start=\"1317\" data-end=\"1330\">a\u00e9roports<\/strong>, les <strong data-start=\"1336\" data-end=\"1346\">h\u00f4tels<\/strong>, les <strong data-start=\"1352\" data-end=\"1367\">entreprises<\/strong> et les lieux de rendez-vous professionnels ou priv\u00e9s.<\/p><p data-start=\"1423\" data-end=\"1620\">Que ce soit pour un <strong data-start=\"1443\" data-end=\"1463\">trajet en Sarthe<\/strong>, un d\u00e9placement <strong data-start=\"1480\" data-end=\"1501\">au d\u00e9part du Mans<\/strong> ou une <strong data-start=\"1509\" data-end=\"1528\">longue distance<\/strong>, vous b\u00e9n\u00e9ficiez d\u2019un <strong data-start=\"1551\" data-end=\"1582\">chauffeur priv\u00e9 exp\u00e9riment\u00e9<\/strong>, discret et attentif \u00e0 votre confort.<\/p>\t\t\t\t\t\t\t\t<\/div>\n\t\t<div class=\"elementor-element elementor-element-4cccf9e e-con-full e-flex e-con e-child\" data-id=\"4cccf9e\" data-element_type=\"container\">\n\t\t\t\t<div class=\"elementor-element elementor-element-01fe92e elementor-widget elementor-widget-heading\" data-id=\"01fe92e\" data-element_type=\"widget\" data-widget_type=\"heading.default\">\n\t\t\t\t\t<h2 class=\"elementor-heading-title elementor-size-default\">Chauffeur priv\u00e9 en Sarthe pour \u00e9v\u00e9nements et mise \u00e0 disposition<\/h2>\t\t\t\t<\/div>\n\t\t\t\t<div class=\"elementor-element elementor-element-b6e7665 elementor-widget elementor-widget-text-editor\" data-id=\"b6e7665\" data-element_type=\"widget\" data-widget_type=\"text-editor.default\">\n\t\t\t\t\t\t\t\t\t<p data-start=\"1703\" data-end=\"1888\">Vous recherchez un <strong data-start=\"1722\" data-end=\"1751\">chauffeur priv\u00e9 en Sarthe<\/strong> pour un \u00e9v\u00e9nement ou une journ\u00e9e compl\u00e8te ?<br data-start=\"1795\" data-end=\"1798\" \/>Sarth\u2019Driver propose un service de <strong data-start=\"1833\" data-end=\"1874\">mise \u00e0 disposition avec chauffeur VTC<\/strong>, id\u00e9al pour :<\/p><p data-start=\"1892\" data-end=\"1929\">&#8211; \u00c9v\u00e9nements priv\u00e9s ou professionnels<\/p><p data-start=\"1932\" data-end=\"1956\">&#8211; Rendez-vous d\u2019affaires<\/p><p data-start=\"1959\" data-end=\"1982\">&#8211; S\u00e9minaires et soir\u00e9es<\/p><p>&#8211;\u00a0 D\u00e9placements sur mesure en Sarthe<\/p><p data-start=\"2022\" data-end=\"2112\">Un <strong data-start=\"2025\" data-end=\"2044\">service premium<\/strong>, adapt\u00e9 \u00e0 vos besoins, avec un v\u00e9hicule <strong data-start=\"2085\" data-end=\"2111\">confortable et \u00e9l\u00e9gant<\/strong>.<\/p>\t\t\t\t\t\t\t\t<\/div>\n\t\t\t\t<div class=\"elementor-element elementor-element-a3f0691 elementor-widget elementor-widget-heading\" data-id=\"a3f0691\" data-element_type=\"widget\" data-widget_type=\"heading.default\">\n\t\t\t\t\t<h2 class=\"elementor-heading-title elementor-size-default\">VTC mariage et \u00e9v\u00e9nements en Sarthe<\/h2>\t\t\t\t<\/div>\n\t\t\t\t<div class=\"elementor-element elementor-element-efea60b elementor-widget elementor-widget-text-editor\" data-id=\"efea60b\" data-element_type=\"widget\" data-widget_type=\"text-editor.default\">\n\t\t\t\t\t\t\t\t\t<p data-start=\"2167\" data-end=\"2311\">Pour un <strong data-start=\"2175\" data-end=\"2196\">mariage en Sarthe<\/strong>, faites appel \u00e0 un <strong data-start=\"2216\" data-end=\"2255\">chauffeur VTC mariage professionnel<\/strong> pour une prestation \u00e9l\u00e9gante et parfaitement organis\u00e9e.<\/p><p data-start=\"2313\" data-end=\"2526\">Transport des mari\u00e9s, des invit\u00e9s ou <strong data-start=\"2350\" data-end=\"2399\">mise \u00e0 disposition du v\u00e9hicule avec chauffeur<\/strong>, nous vous accompagnons avec <strong data-start=\"2429\" data-end=\"2468\">discr\u00e9tion, ponctualit\u00e9 et s\u00e9r\u00e9nit\u00e9<\/strong>, afin que chaque trajet soit \u00e0 la hauteur de l\u2019\u00e9v\u00e9nement.<\/p>\t\t\t\t\t\t\t\t<\/div>\n\t\t\t\t<\/div>\n\t\t\t\t\t<\/div>\n\t\t\t\t<\/div>\n\t\t<div class=\"elementor-element elementor-element-1a7bc1a e-flex e-con-boxed e-con e-parent\" data-id=\"1a7bc1a\" data-element_type=\"container\">\n\t\t\t\t\t<div class=\"e-con-inner\">\n\t\t\t\t<div class=\"elementor-element elementor-element-c2983ce elementor-widget elementor-widget-heading\" data-id=\"c2983ce\" data-element_type=\"widget\" data-widget_type=\"heading.default\">\n\t\t\t\t\t<h2 class=\"elementor-heading-title elementor-size-default\">Zone d\u2019intervention de votre VTC en Sarthe<\/h2>\t\t\t\t<\/div>\n\t\t\t\t<div class=\"elementor-element elementor-element-7b6bfe0 elementor-widget elementor-widget-text-editor\" data-id=\"7b6bfe0\" data-element_type=\"widget\" data-widget_type=\"text-editor.default\">\n\t\t\t\t\t\t\t\t\t<p data-start=\"2588\" data-end=\"2688\"><strong data-start=\"2588\" data-end=\"2658\">Sarth\u2019Driver intervient sur l\u2019ensemble du d\u00e9partement de la Sarthe<\/strong>, au d\u00e9part ou \u00e0 destination :<\/p><p data-start=\"2692\" data-end=\"2703\">&#8211;\u00a0 du <strong data-start=\"2695\" data-end=\"2703\">Mans<\/strong><\/p><p data-start=\"2706\" data-end=\"2731\">&#8211;\u00a0 des communes sarthoises<\/p><p data-start=\"2734\" data-end=\"2781\">&#8211;\u00a0 des villes voisines et grandes agglom\u00e9rations<\/p><p data-start=\"2783\" data-end=\"2960\">Entreprise de <strong data-start=\"2797\" data-end=\"2844\">VTC sans adresse physique ouverte au public<\/strong>, nous venons directement \u00e0 votre <strong data-start=\"2878\" data-end=\"2906\">point de prise en charge<\/strong>, pour un service <strong data-start=\"2924\" data-end=\"2959\">rapide, fiable et professionnel<\/strong>.<\/p>\t\t\t\t\t\t\t\t<\/div>\n\t\t\t\t\t<\/div>\n\t\t\t\t<\/div>\n\t\t<div class=\"elementor-element elementor-element-cd992b2 e-flex e-con-boxed e-con e-parent\" data-id=\"cd992b2\" data-element_type=\"container\">\n\t\t\t\t\t<div class=\"e-con-inner\">\n\t\t\t\t<div class=\"elementor-element elementor-element-9cafed4 elementor-widget elementor-widget-heading\" data-id=\"9cafed4\" data-element_type=\"widget\" data-widget_type=\"heading.default\">\n\t\t\t\t\t<h2 class=\"elementor-heading-title elementor-size-default\">R\u00e9server un VTC en Sarthe avec Sarth\u2019Driver<\/h2>\t\t\t\t<\/div>\n\t\t\t\t<div class=\"elementor-element elementor-element-edf7f96 elementor-widget elementor-widget-text-editor\" data-id=\"edf7f96\" data-element_type=\"widget\" data-widget_type=\"text-editor.default\">\n\t\t\t\t\t\t\t\t\t<p data-start=\"3023\" data-end=\"3190\">Pour toute demande de <strong data-start=\"3045\" data-end=\"3091\">transport priv\u00e9 ou professionnel en Sarthe<\/strong>, vous pouvez <a href=\"https:\/\/sarthdriver-vtc-le-mans.fr\/index.php\/contact-devis\/\"><strong data-start=\"3105\" data-end=\"3140\">demander un devis VTC en Sarthe<\/strong><\/a> ou <a href=\"https:\/\/sarthdriver-vtc-le-mans.fr\/index.php\/contact-devis\/\"><strong data-start=\"3144\" data-end=\"3177\">contacter votre chauffeur VTC<\/strong> <\/a>directement.<\/p><p data-start=\"3192\" data-end=\"3343\"><strong data-start=\"3192\" data-end=\"3261\">Sarth\u2019Driver vous accompagne pour tous vos d\u00e9placements en Sarthe<\/strong>, avec un service <strong data-start=\"3279\" data-end=\"3293\">sur mesure<\/strong>, disponible <strong data-start=\"3306\" data-end=\"3314\">7j\/7<\/strong>, uniquement sur r\u00e9servation.<\/p>\t\t\t\t\t\t\t\t<\/div>\n\t\t\t\t\t<\/div>\n\t\t\t\t<\/div>\n\t\t\t\t<\/div>\n\t\t","protected":false},"excerpt":{"rendered":"<p>VTC Sarthe \u2013 Chauffeur priv\u00e9 haut de gamme dans tout le d\u00e9partement 7j\/7 V\u00e9hicule VTC haut de gamme Sarth\u2019Driver pour [&hellip;]<\/p>\n","protected":false},"author":1,"featured_media":0,"parent":0,"menu_order":0,"comment_status":"closed","ping_status":"closed","template":"","meta":{"site-sidebar-layout":"no-sidebar","site-content-layout":"","ast-site-content-layout":"full-width-container","site-content-style":"default","site-sidebar-style":"default","ast-global-header-display":"","ast-banner-title-visibility":"","ast-main-header-display":"","ast-hfb-above-header-display":"","ast-hfb-below-header-display":"","ast-hfb-mobile-header-display":"","site-post-title":"disabled","ast-breadcrumbs-content":"","ast-featured-img":"disabled","footer-sml-layout":"","ast-disable-related-posts":"","theme-transparent-header-meta":"","adv-header-id-meta":"","stick-header-meta":"","header-above-stick-meta":"","header-main-stick-meta":"","header-below-stick-meta":"","astra-migrate-meta-layouts":"default","ast-page-background-enabled":"default","ast-page-background-meta":{"desktop":{"background-color":"var(--ast-global-color-5)","background-image":"","background-repeat":"repeat","background-position":"center center","background-size":"auto","background-attachment":"scroll","background-type":"","background-media":"","overlay-type":"","overlay-color":"","overlay-opacity":"","overlay-gradient":""},"tablet":{"background-color":"","background-image":"","background-repeat":"repeat","background-position":"center center","background-size":"auto","background-attachment":"scroll","background-type":"","background-media":"","overlay-type":"","overlay-color":"","overlay-opacity":"","overlay-gradient":""},"mobile":{"background-color":"","background-image":"","background-repeat":"repeat","background-position":"center center","background-size":"auto","background-attachment":"scroll","background-type":"","background-media":"","overlay-type":"","overlay-color":"","overlay-opacity":"","overlay-gradient":""}},"ast-content-background-meta":{"desktop":{"background-color":"var(--ast-global-color-4)","background-image":"","background-repeat":"repeat","background-position":"center center","background-size":"auto","background-attachment":"scroll","background-type":"","background-media":"","overlay-type":"","overlay-color":"","overlay-opacity":"","overlay-gradient":""},"tablet":{"background-color":"var(--ast-global-color-4)","background-image":"","background-repeat":"repeat","background-position":"center center","background-size":"auto","background-attachment":"scroll","background-type":"","background-media":"","overlay-type":"","overlay-color":"","overlay-opacity":"","overlay-gradient":""},"mobile":{"background-color":"var(--ast-global-color-4)","background-image":"","background-repeat":"repeat","background-position":"center center","background-size":"auto","background-attachment":"scroll","background-type":"","background-media":"","overlay-type":"","overlay-color":"","overlay-opacity":"","overlay-gradient":""}},"footnotes":""},"class_list":["post-142","page","type-page","status-publish","hentry"],"_links":{"self":[{"href":"https:\/\/sarthdriver-vtc-le-mans.fr\/index.php\/wp-json\/wp\/v2\/pages\/142","targetHints":{"allow":["GET"]}}],"collection":[{"href":"https:\/\/sarthdriver-vtc-le-mans.fr\/index.php\/wp-json\/wp\/v2\/pages"}],"about":[{"href":"https:\/\/sarthdriver-vtc-le-mans.fr\/index.php\/wp-json\/wp\/v2\/types\/page"}],"author":[{"embeddable":true,"href":"https:\/\/sarthdriver-vtc-le-mans.fr\/index.php\/wp-json\/wp\/v2\/users\/1"}],"replies":[{"embeddable":true,"href":"https:\/\/sarthdriver-vtc-le-mans.fr\/index.php\/wp-json\/wp\/v2\/comments?post=142"}],"version-history":[{"count":33,"href":"https:\/\/sarthdriver-vtc-le-mans.fr\/index.php\/wp-json\/wp\/v2\/pages\/142\/revisions"}],"predecessor-version":[{"id":283,"href":"https:\/\/sarthdriver-vtc-le-mans.fr\/index.php\/wp-json\/wp\/v2\/pages\/142\/revisions\/283"}],"wp:attachment":[{"href":"https:\/\/sarthdriver-vtc-le-mans.fr\/index.php\/wp-json\/wp\/v2\/media?parent=142"}],"curies":[{"name":"wp","href":"https:\/\/api.w.org\/{rel}","templated":true}]}}