{"id":241,"date":"2026-02-06T01:58:38","date_gmt":"2026-02-06T01:58:38","guid":{"rendered":"https:\/\/sarthdriver-vtc-le-mans.fr\/?page_id=241"},"modified":"2026-02-06T12:12:23","modified_gmt":"2026-02-06T12:12:23","slug":"https-sarthdriver-vtc-le-mans-fr-vtc-evenements-le-mans","status":"publish","type":"page","link":"https:\/\/sarthdriver-vtc-le-mans.fr\/index.php\/https-sarthdriver-vtc-le-mans-fr-vtc-evenements-le-mans\/","title":{"rendered":"Chauffeur VTC pour \u00e9v\u00e9nements au Mans | Sarth\u2019Driver"},"content":{"rendered":"\t\t<div data-elementor-type=\"wp-page\" data-elementor-id=\"241\" class=\"elementor elementor-241\">\n\t\t\t\t<div class=\"elementor-element elementor-element-cf746d8 e-flex e-con-boxed e-con e-parent\" data-id=\"cf746d8\" data-element_type=\"container\">\n\t\t\t\t\t<div class=\"e-con-inner\">\n\t\t\t\t<div class=\"elementor-element elementor-element-1d7ec5b elementor-widget elementor-widget-heading\" data-id=\"1d7ec5b\" data-element_type=\"widget\" data-widget_type=\"heading.default\">\n\t\t\t\t\t<h1 class=\"elementor-heading-title elementor-size-default\">Chauffeur VTC pour \u00e9v\u00e9nements au Mans<\/h1>\t\t\t\t<\/div>\n\t\t\t\t<div class=\"elementor-element elementor-element-4aed2b4 elementor-widget elementor-widget-text-editor\" data-id=\"4aed2b4\" data-element_type=\"widget\" data-widget_type=\"text-editor.default\">\n\t\t\t\t\t\t\t\t\t<p>Sarth\u2019Driver est votre <strong data-start=\"424\" data-end=\"465\">chauffeur VTC pour \u00e9v\u00e9nements au Mans<\/strong>, sp\u00e9cialis\u00e9 dans les grands rendez-vous sportifs, culturels et professionnels. Nous assurons vos d\u00e9placements avec un <strong data-start=\"584\" data-end=\"613\">service VTC haut de gamme<\/strong>, fiable et ponctuel, au d\u00e9part ou \u00e0 destination du <strong data-start=\"665\" data-end=\"689\">Mans et de la Sarthe<\/strong>.<br data-start=\"690\" data-end=\"693\" \/>Disponible 7j\/7 sur r\u00e9servation, Sarth\u2019Driver accompagne particuliers, entreprises, \u00e9quipes et VIP lors des \u00e9v\u00e9nements majeurs, avec discr\u00e9tion, confort et professionnalisme gr\u00e2ce \u00e0 son service <a href=\"https:\/\/sarthdriver-vtc-le-mans.fr\/index.php\/vtc-le-mans\/\"><strong data-start=\"786\" data-end=\"801\">VTC Le Mans<\/strong><\/a>.<\/p>\t\t\t\t\t\t\t\t<\/div>\n\t\t\t\t\t<\/div>\n\t\t\t\t<\/div>\n\t\t<div class=\"elementor-element elementor-element-27a7d86 e-flex e-con-boxed e-con e-parent\" data-id=\"27a7d86\" data-element_type=\"container\">\n\t\t\t\t\t<div class=\"e-con-inner\">\n\t\t\t\t<div class=\"elementor-element elementor-element-29a8c7b elementor-widget elementor-widget-heading\" data-id=\"29a8c7b\" data-element_type=\"widget\" data-widget_type=\"heading.default\">\n\t\t\t\t\t<h2 class=\"elementor-heading-title elementor-size-default\">Chauffeur VTC pour les 24 Heures du Mans<\/h2>\t\t\t\t<\/div>\n\t\t\t\t<div class=\"elementor-element elementor-element-fc58ef3 elementor-widget elementor-widget-text-editor\" data-id=\"fc58ef3\" data-element_type=\"widget\" data-widget_type=\"text-editor.default\">\n\t\t\t\t\t\t\t\t\t<p>Besoin d\u2019un <strong data-start=\"950\" data-end=\"994\">chauffeur VTC pour les 24 Heures du Mans<\/strong> ? Sarth\u2019Driver assure vos transferts vers le <strong data-start=\"1040\" data-end=\"1073\">Circuit des 24 Heures du Mans<\/strong>, les h\u00f4tels, gares et lieux d\u2019accueil pendant toute la dur\u00e9e de l\u2019\u00e9v\u00e9nement.<br data-start=\"1150\" data-end=\"1153\" \/>Anticipez les restrictions de circulation et les embouteillages : profitez d\u2019un <strong data-start=\"1233\" data-end=\"1275\">transport priv\u00e9 avec chauffeur au Mans<\/strong>, parfaitement organis\u00e9 pour les spectateurs, partenaires, teams, journalistes et entreprises.<\/p>\t\t\t\t\t\t\t\t<\/div>\n\t\t\t\t<div class=\"elementor-element elementor-element-4c86176 elementor-widget elementor-widget-image\" data-id=\"4c86176\" data-element_type=\"widget\" data-widget_type=\"image.default\">\n\t\t\t\t\t\t\t\t\t\t\t\t<figure class=\"wp-caption\">\n\t\t\t\t\t\t\t\t\t\t<img decoding=\"async\" src=\"https:\/\/sarthdriver-vtc-le-mans.fr\/wp-content\/uploads\/elementor\/thumbs\/vtc-24-heures-du-mans-circuit.jpg-e1770343641980-riqgoaz0goy0xixul7g0axr84ouvd630wab72gom8g.png\" title=\"Chauffeur VTC pour les 24 Heures du Mans\" alt=\"VTC 24 Heures du Mans \u2013 chauffeur priv\u00e9 au Circuit des 24 Heures du Mans\" loading=\"lazy\" \/>\t\t\t\t\t\t\t\t\t\t\t<figcaption class=\"widget-image-caption wp-caption-text\">Chauffeur VTC pour les 24 Heures du Mans<\/figcaption>\n\t\t\t\t\t\t\t\t\t\t<\/figure>\n\t\t\t\t\t\t\t\t\t<\/div>\n\t\t<div class=\"elementor-element elementor-element-3dccfd4 e-con-full e-flex e-con e-child\" data-id=\"3dccfd4\" data-element_type=\"container\">\n\t\t\t\t<div class=\"elementor-element elementor-element-2e895f9 elementor-widget elementor-widget-heading\" data-id=\"2e895f9\" data-element_type=\"widget\" data-widget_type=\"heading.default\">\n\t\t\t\t\t<h2 class=\"elementor-heading-title elementor-size-default\">Chauffeur VTC Le Mans Classic<\/h2>\t\t\t\t<\/div>\n\t\t\t\t<div class=\"elementor-element elementor-element-af35044 elementor-widget elementor-widget-text-editor\" data-id=\"af35044\" data-element_type=\"widget\" data-widget_type=\"text-editor.default\">\n\t\t\t\t\t\t\t\t\t<p>Lors du <strong data-start=\"1560\" data-end=\"1579\">Le Mans Classic<\/strong>, Sarth\u2019Driver propose un <strong data-start=\"1605\" data-end=\"1641\">service VTC \u00e9v\u00e9nementiel au Mans<\/strong> adapt\u00e9 aux rassemblements automobiles et aux \u00e9v\u00e9nements de prestige.<br data-start=\"1710\" data-end=\"1713\" \/>Acc\u00e9dez facilement au circuit, aux zones VIP et aux h\u00f4tels gr\u00e2ce \u00e0 un <strong data-start=\"1783\" data-end=\"1810\">chauffeur priv\u00e9 au Mans<\/strong>, habitu\u00e9 aux grands \u00e9v\u00e9nements et aux contraintes sp\u00e9cifiques de circulation<\/p>\t\t\t\t\t\t\t\t<\/div>\n\t\t<div class=\"elementor-element elementor-element-1fbaaf6 e-con-full e-flex e-con e-child\" data-id=\"1fbaaf6\" data-element_type=\"container\">\n\t\t\t\t<div class=\"elementor-element elementor-element-2ecf568 elementor-widget elementor-widget-heading\" data-id=\"2ecf568\" data-element_type=\"widget\" data-widget_type=\"heading.default\">\n\t\t\t\t\t<h2 class=\"elementor-heading-title elementor-size-default\">Chauffeur VTC Moto GP &amp; \u00e9v\u00e9nements sportifs<\/h2>\t\t\t\t<\/div>\n\t\t\t\t<div class=\"elementor-element elementor-element-242bf3c elementor-widget elementor-widget-text-editor\" data-id=\"242bf3c\" data-element_type=\"widget\" data-widget_type=\"text-editor.default\">\n\t\t\t\t\t\t\t\t\t<p>Pour le <strong data-start=\"1966\" data-end=\"1996\">Grand Prix Moto GP du Mans<\/strong> et les \u00e9v\u00e9nements sportifs majeurs, Sarth\u2019Driver assure vos trajets en toute s\u00e9r\u00e9nit\u00e9.<br data-start=\"2083\" data-end=\"2086\" \/>Nous proposons un <strong data-start=\"2104\" data-end=\"2129\">transport VTC au Mans<\/strong> confortable et s\u00e9curis\u00e9, id\u00e9al pour les spectateurs, \u00e9quipes techniques, sponsors et entreprises souhaitant un service fiable et premium.<\/p>\t\t\t\t\t\t\t\t<\/div>\n\t\t\t\t<div class=\"elementor-element elementor-element-20bafe0 elementor-widget elementor-widget-heading\" data-id=\"20bafe0\" data-element_type=\"widget\" data-widget_type=\"heading.default\">\n\t\t\t\t\t<h2 class=\"elementor-heading-title elementor-size-default\">Chauffeur VTC pour \u00e9v\u00e9nements professionnels et priv\u00e9s<\/h2>\t\t\t\t<\/div>\n\t\t\t\t<div class=\"elementor-element elementor-element-1d5fea1 elementor-widget elementor-widget-text-editor\" data-id=\"1d5fea1\" data-element_type=\"widget\" data-widget_type=\"text-editor.default\">\n\t\t\t\t\t\t\t\t\t<p>Sarth\u2019Driver accompagne \u00e9galement vos <strong data-start=\"2386\" data-end=\"2423\">\u00e9v\u00e9nements professionnels au Mans<\/strong> : s\u00e9minaires, congr\u00e8s, salons, rendez-vous d\u2019affaires.<br data-start=\"2478\" data-end=\"2481\" \/>Nous assurons aussi les <strong data-start=\"2505\" data-end=\"2526\">\u00e9v\u00e9nements priv\u00e9s<\/strong> : mariages, soir\u00e9es, r\u00e9ceptions, avec un <strong data-start=\"2568\" data-end=\"2609\">chauffeur VTC haut de gamme en Sarthe<\/strong>, discret et ponctuel.<\/p><p>Notre service de <strong data-start=\"1200\" data-end=\"1227\">chauffeur <a href=\"https:\/\/sarthdriver-vtc-le-mans.fr\/index.php\/vtc-sarthe-chauffeur-prive-professionnel-dans-tout-le-departement\/\">VTC en Sarthe<\/a><\/strong> couvre l\u2019ensemble du d\u00e9partement, avec des prestations adapt\u00e9es aux \u00e9v\u00e9nements locaux et nationaux.<\/p>\t\t\t\t\t\t\t\t<\/div>\n\t\t<div class=\"elementor-element elementor-element-9b6d8ee e-con-full e-flex e-con e-child\" data-id=\"9b6d8ee\" data-element_type=\"container\">\n\t\t\t\t<div class=\"elementor-element elementor-element-e735e50 elementor-widget elementor-widget-heading\" data-id=\"e735e50\" data-element_type=\"widget\" data-widget_type=\"heading.default\">\n\t\t\t\t\t<h2 class=\"elementor-heading-title elementor-size-default\">Pourquoi choisir Sarth\u2019Driver pour vos \u00e9v\u00e9nements au Mans<\/h2>\t\t\t\t<\/div>\n\t\t\t\t<\/div>\n\t\t\t\t<div class=\"elementor-element elementor-element-e80ca2f elementor-widget elementor-widget-text-editor\" data-id=\"e80ca2f\" data-element_type=\"widget\" data-widget_type=\"text-editor.default\">\n\t\t\t\t\t\t\t\t\t<p data-start=\"2750\" data-end=\"2787\"><strong data-start=\"2750\" data-end=\"2787\">&#8211; Chauffeur VTC au Mans exp\u00e9riment\u00e9<\/strong><\/p><p data-start=\"2790\" data-end=\"2822\"><strong data-start=\"2790\" data-end=\"2822\">&#8211; Service \u00e9v\u00e9nementiel premium<\/strong><\/p><p data-start=\"2825\" data-end=\"2874\"><strong data-start=\"2825\" data-end=\"2874\">&#8211; Parfaite connaissance du Mans et de la Sarthe<\/strong><\/p><p><strong data-start=\"2877\" data-end=\"2915\">&#8211; Disponibilit\u00e9 7j\/7 sur r\u00e9servation<\/strong><\/p><p data-start=\"2918\" data-end=\"2956\"><strong data-start=\"2918\" data-end=\"2956\">&#8211; Confort, discr\u00e9tion et ponctualit\u00e9<\/strong><\/p><p data-start=\"2959\" data-end=\"3016\">&#8211; Chauffeur parlant <strong data-start=\"2977\" data-end=\"2999\">anglais couramment<\/strong> (English spoken)<\/p>\t\t\t\t\t\t\t\t<\/div>\n\t\t<div class=\"elementor-element elementor-element-0aa6214 e-con-full e-flex e-con e-child\" data-id=\"0aa6214\" data-element_type=\"container\">\n\t\t\t\t<div class=\"elementor-element elementor-element-5eea48a elementor-widget elementor-widget-heading\" data-id=\"5eea48a\" data-element_type=\"widget\" data-widget_type=\"heading.default\">\n\t\t\t\t\t<h2 class=\"elementor-heading-title elementor-size-default\">R\u00e9server votre chauffeur VTC pour \u00e9v\u00e9nements au Mans<\/h2>\t\t\t\t<\/div>\n\t\t\t\t<div class=\"elementor-element elementor-element-94e7b94 elementor-widget elementor-widget-text-editor\" data-id=\"94e7b94\" data-element_type=\"widget\" data-widget_type=\"text-editor.default\">\n\t\t\t\t\t\t\t\t\t<p>Pour tous vos d\u00e9placements priv\u00e9s ou professionnels, d\u00e9couvrez \u00e9galement notre service <a href=\"https:\/\/sarthdriver-vtc-le-mans.fr\/index.php\/vtc-le-mans\/\"><strong data-start=\"789\" data-end=\"804\">VTC Le Mans<\/strong><\/a> ainsi que nos prestations de <strong data-start=\"834\" data-end=\"861\">chauffeur <a href=\"https:\/\/sarthdriver-vtc-le-mans.fr\/index.php\/vtc-sarthe-chauffeur-prive-professionnel-dans-tout-le-departement\/\">VTC en Sarthe<\/a><\/strong>, disponibles 7j\/7 sur r\u00e9servation.<br data-start=\"3201\" data-end=\"3204\" \/>Contactez Sarth\u2019Driver pour r\u00e9server votre <strong data-start=\"3247\" data-end=\"3303\">transport priv\u00e9 pour \u00e9v\u00e9nements au Mans et en Sarthe<\/strong>, au d\u00e9part ou \u00e0 destination du circuit, des gares, h\u00f4tels et lieux d\u2019\u00e9v\u00e9nements.<\/p>\t\t\t\t\t\t\t\t<\/div>\n\t\t\t\t<div class=\"elementor-element elementor-element-cee3c37 elementor-align-center elementor-widget__width-auto elementor-widget elementor-widget-button\" data-id=\"cee3c37\" data-element_type=\"widget\" data-widget_type=\"button.default\">\n\t\t\t\t\t\t\t\t\t\t<a class=\"elementor-button elementor-button-link elementor-size-sm\" href=\"https:\/\/sarthdriver-vtc-le-mans.fr\/index.php\/contact-devis\/\">\n\t\t\t\t\t\t<span class=\"elementor-button-content-wrapper\">\n\t\t\t\t\t\t\t\t\t<span class=\"elementor-button-text\">R\u00e9server pour un \u00e9v\u00e9nement<\/span>\n\t\t\t\t\t<\/span>\n\t\t\t\t\t<\/a>\n\t\t\t\t\t\t\t\t<\/div>\n\t\t\t\t<\/div>\n\t\t\t\t<div class=\"elementor-element elementor-element-5fc878d elementor-widget elementor-widget-image\" data-id=\"5fc878d\" data-element_type=\"widget\" data-widget_type=\"image.default\">\n\t\t\t\t\t\t\t\t\t\t\t\t<figure class=\"wp-caption\">\n\t\t\t\t\t\t\t\t\t\t<img decoding=\"async\" src=\"https:\/\/sarthdriver-vtc-le-mans.fr\/wp-content\/uploads\/elementor\/thumbs\/vtc-evenement-automobile-24-heures-du-mans.jpg-scaled-riqfy0fjaiya674r4cap22m1xog91ypbm5d8sto2a8.jpeg\" title=\"Chauffeur VTC pour \u00e9v\u00e9nements automobiles au Mans \u2013 24 Heures du Mans\" alt=\"VTC \u00e9v\u00e9nementiel au Mans \u2013 transport premium pour les 24 Heures du Mans et \u00e9v\u00e9nements automobiles\" loading=\"lazy\" \/>\t\t\t\t\t\t\t\t\t\t\t<figcaption class=\"widget-image-caption wp-caption-text\">Transport VTC haut de gamme pour les \u00e9v\u00e9nements automobiles au Mans, dont les 24 Heures du Mans.<\/figcaption>\n\t\t\t\t\t\t\t\t\t\t<\/figure>\n\t\t\t\t\t\t\t\t\t<\/div>\n\t\t\t\t<div class=\"elementor-element elementor-element-10273fe elementor-widget elementor-widget-text-editor\" data-id=\"10273fe\" data-element_type=\"widget\" data-widget_type=\"text-editor.default\">\n\t\t\t\t\t\t\t\t\t<p><strong data-start=\"117\" data-end=\"133\">Sarth\u2019Driver<\/strong> est sp\u00e9cialis\u00e9 dans le <strong data-start=\"157\" data-end=\"195\">transport VTC \u00e9v\u00e9nementiel au Mans<\/strong>, pour les <strong data-start=\"206\" data-end=\"229\" data-is-only-node=\"\">\u00e9v\u00e9nements sportifs<\/strong>, <strong data-start=\"231\" data-end=\"249\">professionnels<\/strong> et <strong data-start=\"253\" data-end=\"268\">automobiles<\/strong>, dont les <strong data-start=\"279\" data-end=\"300\">24 Heures du Mans<\/strong>, avec un service <strong data-start=\"318\" data-end=\"335\">haut de gamme<\/strong>, <strong data-start=\"337\" data-end=\"349\">ponctuel<\/strong> et <strong data-start=\"353\" data-end=\"364\">discret<\/strong>.<\/p>\t\t\t\t\t\t\t\t<\/div>\n\t\t<div class=\"elementor-element elementor-element-d307e3b e-con-full e-flex e-con e-child\" data-id=\"d307e3b\" data-element_type=\"container\">\n\t\t\t\t<\/div>\n\t\t\t\t<\/div>\n\t\t\t\t<\/div>\n\t\t\t\t\t<\/div>\n\t\t\t\t<\/div>\n\t\t\t\t<\/div>\n\t\t","protected":false},"excerpt":{"rendered":"<p>Chauffeur VTC pour \u00e9v\u00e9nements au Mans Sarth\u2019Driver est votre chauffeur VTC pour \u00e9v\u00e9nements au Mans, sp\u00e9cialis\u00e9 dans les grands rendez-vous [&hellip;]<\/p>\n","protected":false},"author":1,"featured_media":0,"parent":0,"menu_order":0,"comment_status":"closed","ping_status":"closed","template":"","meta":{"site-sidebar-layout":"no-sidebar","site-content-layout":"","ast-site-content-layout":"full-width-container","site-content-style":"default","site-sidebar-style":"default","ast-global-header-display":"","ast-banner-title-visibility":"","ast-main-header-display":"","ast-hfb-above-header-display":"","ast-hfb-below-header-display":"","ast-hfb-mobile-header-display":"","site-post-title":"disabled","ast-breadcrumbs-content":"","ast-featured-img":"disabled","footer-sml-layout":"","ast-disable-related-posts":"","theme-transparent-header-meta":"","adv-header-id-meta":"","stick-header-meta":"","header-above-stick-meta":"","header-main-stick-meta":"","header-below-stick-meta":"","astra-migrate-meta-layouts":"default","ast-page-background-enabled":"default","ast-page-background-meta":{"desktop":{"background-color":"var(--ast-global-color-5)","background-image":"","background-repeat":"repeat","background-position":"center center","background-size":"auto","background-attachment":"scroll","background-type":"","background-media":"","overlay-type":"","overlay-color":"","overlay-opacity":"","overlay-gradient":""},"tablet":{"background-color":"","background-image":"","background-repeat":"repeat","background-position":"center center","background-size":"auto","background-attachment":"scroll","background-type":"","background-media":"","overlay-type":"","overlay-color":"","overlay-opacity":"","overlay-gradient":""},"mobile":{"background-color":"","background-image":"","background-repeat":"repeat","background-position":"center center","background-size":"auto","background-attachment":"scroll","background-type":"","background-media":"","overlay-type":"","overlay-color":"","overlay-opacity":"","overlay-gradient":""}},"ast-content-background-meta":{"desktop":{"background-color":"var(--ast-global-color-4)","background-image":"","background-repeat":"repeat","background-position":"center center","background-size":"auto","background-attachment":"scroll","background-type":"","background-media":"","overlay-type":"","overlay-color":"","overlay-opacity":"","overlay-gradient":""},"tablet":{"background-color":"var(--ast-global-color-4)","background-image":"","background-repeat":"repeat","background-position":"center center","background-size":"auto","background-attachment":"scroll","background-type":"","background-media":"","overlay-type":"","overlay-color":"","overlay-opacity":"","overlay-gradient":""},"mobile":{"background-color":"var(--ast-global-color-4)","background-image":"","background-repeat":"repeat","background-position":"center center","background-size":"auto","background-attachment":"scroll","background-type":"","background-media":"","overlay-type":"","overlay-color":"","overlay-opacity":"","overlay-gradient":""}},"footnotes":""},"class_list":["post-241","page","type-page","status-publish","hentry"],"_links":{"self":[{"href":"https:\/\/sarthdriver-vtc-le-mans.fr\/index.php\/wp-json\/wp\/v2\/pages\/241","targetHints":{"allow":["GET"]}}],"collection":[{"href":"https:\/\/sarthdriver-vtc-le-mans.fr\/index.php\/wp-json\/wp\/v2\/pages"}],"about":[{"href":"https:\/\/sarthdriver-vtc-le-mans.fr\/index.php\/wp-json\/wp\/v2\/types\/page"}],"author":[{"embeddable":true,"href":"https:\/\/sarthdriver-vtc-le-mans.fr\/index.php\/wp-json\/wp\/v2\/users\/1"}],"replies":[{"embeddable":true,"href":"https:\/\/sarthdriver-vtc-le-mans.fr\/index.php\/wp-json\/wp\/v2\/comments?post=241"}],"version-history":[{"count":17,"href":"https:\/\/sarthdriver-vtc-le-mans.fr\/index.php\/wp-json\/wp\/v2\/pages\/241\/revisions"}],"predecessor-version":[{"id":286,"href":"https:\/\/sarthdriver-vtc-le-mans.fr\/index.php\/wp-json\/wp\/v2\/pages\/241\/revisions\/286"}],"wp:attachment":[{"href":"https:\/\/sarthdriver-vtc-le-mans.fr\/index.php\/wp-json\/wp\/v2\/media?parent=241"}],"curies":[{"name":"wp","href":"https:\/\/api.w.org\/{rel}","templated":true}]}}