{"id":67,"date":"2026-02-02T17:20:13","date_gmt":"2026-02-02T17:20:13","guid":{"rendered":"https:\/\/sarthdriver-vtc-le-mans.fr\/?page_id=67"},"modified":"2026-02-06T12:12:55","modified_gmt":"2026-02-06T12:12:55","slug":"contact-devis","status":"publish","type":"page","link":"https:\/\/sarthdriver-vtc-le-mans.fr\/index.php\/contact-devis\/","title":{"rendered":"Devis VTC Le Mans \u2013 R\u00e9servation chauffeur priv\u00e9 | Sarth\u2019Driver"},"content":{"rendered":"\t\t<div data-elementor-type=\"wp-page\" data-elementor-id=\"67\" class=\"elementor elementor-67\">\n\t\t\t\t<div class=\"elementor-element elementor-element-e880d32 e-flex e-con-boxed e-con e-parent\" data-id=\"e880d32\" data-element_type=\"container\">\n\t\t\t\t\t<div class=\"e-con-inner\">\n\t\t\t\t<div class=\"elementor-element elementor-element-0de2cfb elementor-widget elementor-widget-heading\" data-id=\"0de2cfb\" data-element_type=\"widget\" data-widget_type=\"heading.default\">\n\t\t\t\t\t<h1 class=\"elementor-heading-title elementor-size-default\">Contact &amp; Devis VTC au Mans et en Sarthe<\/h1>\t\t\t\t<\/div>\n\t\t\t\t<div class=\"elementor-element elementor-element-c432f69 elementor-widget elementor-widget-text-editor\" data-id=\"c432f69\" data-element_type=\"widget\" data-widget_type=\"text-editor.default\">\n\t\t\t\t\t\t\t\t\t<p>Contactez <strong data-start=\"1186\" data-end=\"1216\">Sarth\u2019Driver \u2013 VTC Le Mans<\/strong> pour une r\u00e9servation imm\u00e9diate ou une demande de devis personnalis\u00e9.<br data-start=\"1285\" data-end=\"1288\" \/>Chauffeur VTC professionnel bas\u00e9 au Mans, nous intervenons sur <strong data-start=\"1353\" data-end=\"1391\">Le Mans et l\u2019ensemble de la Sarthe<\/strong>, 7j\/7.<\/p>\t\t\t\t\t\t\t\t<\/div>\n\t\t\t\t<div class=\"elementor-element elementor-element-5507b06 elementor-align-center elementor-widget__width-auto elementor-widget elementor-widget-button\" data-id=\"5507b06\" data-element_type=\"widget\" data-widget_type=\"button.default\">\n\t\t\t\t\t\t\t\t\t\t<a class=\"elementor-button elementor-button-link elementor-size-sm\" href=\"tel:+33638309049\">\n\t\t\t\t\t\t<span class=\"elementor-button-content-wrapper\">\n\t\t\t\t\t\t<span class=\"elementor-button-icon\">\n\t\t\t\t<svg aria-hidden=\"true\" class=\"e-font-icon-svg e-fas-phone-alt\" viewBox=\"0 0 512 512\" xmlns=\"http:\/\/www.w3.org\/2000\/svg\"><path d=\"M497.39 361.8l-112-48a24 24 0 0 0-28 6.9l-49.6 60.6A370.66 370.66 0 0 1 130.6 204.11l60.6-49.6a23.94 23.94 0 0 0 6.9-28l-48-112A24.16 24.16 0 0 0 122.6.61l-104 24A24 24 0 0 0 0 48c0 256.5 207.9 464 464 464a24 24 0 0 0 23.4-18.6l24-104a24.29 24.29 0 0 0-14.01-27.6z\"><\/path><\/svg>\t\t\t<\/span>\n\t\t\t\t\t\t\t\t\t<span class=\"elementor-button-text\">Appeler maintenant - VTC Le Mans<\/span>\n\t\t\t\t\t<\/span>\n\t\t\t\t\t<\/a>\n\t\t\t\t\t\t\t\t<\/div>\n\t\t\t\t<div class=\"elementor-element elementor-element-f7d9bef elementor-view-default elementor-widget elementor-widget-icon\" data-id=\"f7d9bef\" data-element_type=\"widget\" data-widget_type=\"icon.default\">\n\t\t\t\t\t\t\t<div class=\"elementor-icon-wrapper\">\n\t\t\t<a class=\"elementor-icon\" href=\"tel:+33638309049\">\n\t\t\t<svg aria-hidden=\"true\" class=\"e-font-icon-svg e-fas-phone-alt\" viewBox=\"0 0 512 512\" xmlns=\"http:\/\/www.w3.org\/2000\/svg\"><path d=\"M497.39 361.8l-112-48a24 24 0 0 0-28 6.9l-49.6 60.6A370.66 370.66 0 0 1 130.6 204.11l60.6-49.6a23.94 23.94 0 0 0 6.9-28l-48-112A24.16 24.16 0 0 0 122.6.61l-104 24A24 24 0 0 0 0 48c0 256.5 207.9 464 464 464a24 24 0 0 0 23.4-18.6l24-104a24.29 24.29 0 0 0-14.01-27.6z\"><\/path><\/svg>\t\t\t<\/a>\n\t\t<\/div>\n\t\t\t\t\t\t<\/div>\n\t\t\t\t<div class=\"elementor-element elementor-element-e9d06fd elementor-widget elementor-widget-text-editor\" data-id=\"e9d06fd\" data-element_type=\"widget\" data-widget_type=\"text-editor.default\">\n\t\t\t\t\t\t\t\t\t<p>(+33) 06 38 30 90 49<\/p>\t\t\t\t\t\t\t\t<\/div>\n\t\t\t\t<div class=\"elementor-element elementor-element-d3f7b4a elementor-widget elementor-widget-text-editor\" data-id=\"d3f7b4a\" data-element_type=\"widget\" data-widget_type=\"text-editor.default\">\n\t\t\t\t\t\t\t\t\t<p>R\u00e9ponse rapide \u2013 devis gratuit \u2013 Sarth\u2019Driver, chauffeur VTC au Mans et en Sarthe<\/p>\t\t\t\t\t\t\t\t<\/div>\n\t\t\t\t<div class=\"elementor-element elementor-element-7865abc elementor-align-center elementor-widget__width-auto elementor-widget elementor-widget-button\" data-id=\"7865abc\" data-element_type=\"widget\" data-widget_type=\"button.default\">\n\t\t\t\t\t\t\t\t\t\t<a class=\"elementor-button elementor-size-sm\" role=\"button\">\n\t\t\t\t\t\t<span class=\"elementor-button-content-wrapper\">\n\t\t\t\t\t\t<span class=\"elementor-button-icon\">\n\t\t\t\t<svg aria-hidden=\"true\" class=\"e-font-icon-svg e-fas-mail-bulk\" viewBox=\"0 0 576 512\" xmlns=\"http:\/\/www.w3.org\/2000\/svg\"><path d=\"M160 448c-25.6 0-51.2-22.4-64-32-64-44.8-83.2-60.8-96-70.4V480c0 17.67 14.33 32 32 32h256c17.67 0 32-14.33 32-32V345.6c-12.8 9.6-32 25.6-96 70.4-12.8 9.6-38.4 32-64 32zm128-192H32c-17.67 0-32 14.33-32 32v16c25.6 19.2 22.4 19.2 115.2 86.4 9.6 6.4 28.8 25.6 44.8 25.6s35.2-19.2 44.8-22.4c92.8-67.2 89.6-67.2 115.2-86.4V288c0-17.67-14.33-32-32-32zm256-96H224c-17.67 0-32 14.33-32 32v32h96c33.21 0 60.59 25.42 63.71 57.82l.29-.22V416h192c17.67 0 32-14.33 32-32V192c0-17.67-14.33-32-32-32zm-32 128h-64v-64h64v64zm-352-96c0-35.29 28.71-64 64-64h224V32c0-17.67-14.33-32-32-32H96C78.33 0 64 14.33 64 32v192h96v-32z\"><\/path><\/svg>\t\t\t<\/span>\n\t\t\t\t\t\t\t\t\t<span class=\"elementor-button-text\">Remplissez le formulaire ci-dessous pour une demande de devis \u00e9crite<\/span>\n\t\t\t\t\t<\/span>\n\t\t\t\t\t<\/a>\n\t\t\t\t\t\t\t\t<\/div>\n\t\t\t\t<div class=\"elementor-element elementor-element-021cfe0 elementor-widget elementor-widget-text-editor\" data-id=\"021cfe0\" data-element_type=\"widget\" data-widget_type=\"text-editor.default\">\n\t\t\t\t\t\t\t\t\t<p>Chauffeur VTC professionnel au Mans \u2013 d\u00e9placements dans toute la Sarthe, 7 jours sur 7<\/p>\t\t\t\t\t\t\t\t<\/div>\n\t\t\t\t<div class=\"elementor-element elementor-element-8550a9a fluentform-widget-submit-button-custom elementor-widget elementor-widget-fluent-form-widget\" data-id=\"8550a9a\" data-element_type=\"widget\" data-widget_type=\"fluent-form-widget.default\">\n\t\t\t\t<div class=\"elementor-widget-container\">\n\t\t\t\t\t\n            <div class=\"fluentform-widget-wrapper fluentform-widget-align-default\">\n\n            \n            <div class='fluentform ff-default fluentform_wrapper_3 ffs_default_wrap'><form data-form_id=\"3\" id=\"fluentform_3\" class=\"frm-fluent-form fluent_form_3 ff-el-form-top ff_form_instance_3_1 ff-form-loading ffs_default\" data-form_instance=\"ff_form_instance_3_1\" method=\"POST\" ><fieldset  style=\"border: none!important;margin: 0!important;padding: 0!important;background-color: transparent!important;box-shadow: none!important;outline: none!important; min-inline-size: 100%;\">\n                    <legend class=\"ff_screen_reader_title\" style=\"display: block; margin: 0!important;padding: 0!important;height: 0!important;text-indent: -999999px;width: 0!important;overflow:hidden;\">Blank Form (#3)<\/legend><input type='hidden' name='__fluent_form_embded_post_id' value='67' \/><input type=\"hidden\" id=\"_fluentform_3_fluentformnonce\" name=\"_fluentform_3_fluentformnonce\" value=\"40793b66f2\" \/><input type=\"hidden\" name=\"_wp_http_referer\" value=\"\/index.php\/wp-json\/wp\/v2\/pages\/67\" \/><div data-type=\"name-element\" data-name=\"names\" class=\" ff-field_container ff-name-field-wrapper\" ><div class='ff-t-container'><div class='ff-t-cell '><div class='ff-el-group ff-el-form-top'><div class=\"ff-el-input--label asterisk-right\"><label for='ff_3_names_first_name_' id='label_ff_3_names_first_name_' >Pr\u00e9nom<\/label><\/div><div class='ff-el-input--content'><input type=\"text\" name=\"names[first_name]\" id=\"ff_3_names_first_name_\" class=\"ff-el-form-control\" placeholder=\"Saisissez votre pr\u00e9nom\" aria-invalid=\"false\" aria-required=false><\/div><\/div><\/div><div class='ff-t-cell '><div class='ff-el-group ff-el-form-top'><div class=\"ff-el-input--label asterisk-right\"><label for='ff_3_names_last_name_' id='label_ff_3_names_last_name_' >Nom de famille<\/label><\/div><div class='ff-el-input--content'><input type=\"text\" name=\"names[last_name]\" id=\"ff_3_names_last_name_\" class=\"ff-el-form-control\" placeholder=\"Saisissez votre nom de famille\" aria-invalid=\"false\" aria-required=false><\/div><\/div><\/div><\/div><\/div><div class='ff-el-group company-name'><div class=\"ff-el-input--label asterisk-right\"><label for='ff_3_input_text' id='label_ff_3_input_text' aria-label=\"Nom de soci\u00e9t\u00e9 (si professionnel)\">Nom de soci\u00e9t\u00e9 (si professionnel)<\/label><\/div><div class='ff-el-input--content'><input type=\"text\" name=\"input_text\" class=\"ff-el-form-control\" placeholder=\"Soci\u00e9t\u00e9, Association...\" data-name=\"input_text\" id=\"ff_3_input_text\"  aria-invalid=\"false\" aria-required=false><\/div><\/div><div class='ff-el-group ff-el-form-top fiels-telephone'><div class=\"ff-el-input--label asterisk-right\"><label for='ff_3_telephone' id='label_ff_3_telephone' aria-label=\"T\u00e9l\u00e9phone\">T\u00e9l\u00e9phone<\/label><div class=\"ff-el-tooltip\" data-content=\"Nous vous rappelons rapidement.\"><svg width=\"16\" height=\"16\" viewBox=\"0 0 25 25\"><path d=\"m329 393l0-46c0-2-1-4-2-6-2-2-4-3-7-3l-27 0 0-146c0-3-1-5-3-7-2-1-4-2-7-2l-91 0c-3 0-5 1-7 2-1 2-2 4-2 7l0 46c0 2 1 5 2 6 2 2 4 3 7 3l27 0 0 91-27 0c-3 0-5 1-7 3-1 2-2 4-2 6l0 46c0 3 1 5 2 7 2 1 4 2 7 2l128 0c3 0 5-1 7-2 1-2 2-4 2-7z m-36-256l0-46c0-2-1-4-3-6-2-2-4-3-7-3l-54 0c-3 0-5 1-7 3-2 2-3 4-3 6l0 46c0 3 1 5 3 7 2 1 4 2 7 2l54 0c3 0 5-1 7-2 2-2 3-4 3-7z m182 119c0 40-9 77-29 110-20 34-46 60-80 80-33 20-70 29-110 29-40 0-77-9-110-29-34-20-60-46-80-80-20-33-29-70-29-110 0-40 9-77 29-110 20-34 46-60 80-80 33-20 70-29 110-29 40 0 77 9 110 29 34 20 60 46 80 80 20 33 29 70 29 110z\" transform=\"scale(0.046875 0.046875)\"><\/path><\/svg><\/div><\/div><div class='ff-el-input--content'><input type=\"text\" name=\"telephone\" class=\"ff-el-form-control input-telephone\" placeholder=\"Ex : 06 12 34 56 78\" maxlength=\"14\" data-name=\"telephone\" id=\"ff_3_telephone\"  aria-invalid=\"false\" aria-required=false><\/div><\/div><div class='ff-el-group'><div class=\"ff-el-input--label ff-el-is-required asterisk-right\"><label for='ff_3_email' id='label_ff_3_email' aria-label=\"Adresse e-mail\">Adresse e-mail<\/label><\/div><div class='ff-el-input--content'><input type=\"email\" name=\"email\" id=\"ff_3_email\" class=\"ff-el-form-control\" placeholder=\"exemple@email.fr\" data-name=\"email\"  aria-invalid=\"false\" aria-required=true><\/div><\/div><div class='ff-el-group'><div class=\"ff-el-input--label ff-el-is-required asterisk-right\"><label for='ff_3_description' id='label_ff_3_description' aria-label=\"D\u00e9tails de votre trajet\">D\u00e9tails de votre trajet<\/label><div class=\"ff-el-tooltip\" data-content=\"Exemple: Le Mans =&gt; Gare de Paris Montparnasse, le 08\/10 \u00e0 6h30, 2 passagers, 2 bagages\"><svg width=\"16\" height=\"16\" viewBox=\"0 0 25 25\"><path d=\"m329 393l0-46c0-2-1-4-2-6-2-2-4-3-7-3l-27 0 0-146c0-3-1-5-3-7-2-1-4-2-7-2l-91 0c-3 0-5 1-7 2-1 2-2 4-2 7l0 46c0 2 1 5 2 6 2 2 4 3 7 3l27 0 0 91-27 0c-3 0-5 1-7 3-1 2-2 4-2 6l0 46c0 3 1 5 2 7 2 1 4 2 7 2l128 0c3 0 5-1 7-2 1-2 2-4 2-7z m-36-256l0-46c0-2-1-4-3-6-2-2-4-3-7-3l-54 0c-3 0-5 1-7 3-2 2-3 4-3 6l0 46c0 3 1 5 3 7 2 1 4 2 7 2l54 0c3 0 5-1 7-2 2-2 3-4 3-7z m182 119c0 40-9 77-29 110-20 34-46 60-80 80-33 20-70 29-110 29-40 0-77-9-110-29-34-20-60-46-80-80-20-33-29-70-29-110 0-40 9-77 29-110 20-34 46-60 80-80 33-20 70-29 110-29 40 0 77 9 110 29 34 20 60 46 80 80 20 33 29 70 29 110z\" transform=\"scale(0.046875 0.046875)\"><\/path><\/svg><\/div><\/div><div class='ff-el-input--content'><textarea aria-required=\"true\" aria-labelledby=\"label_ff_3_description\" name=\"description\" id=\"ff_3_description\" class=\"ff-el-form-control\" placeholder=\"Lieu de d\u00e9part, destination, date, heure, nombre de passagers, bagages...\" rows=\"4\" cols=\"1\" data-name=\"description\" ><\/textarea><\/div><\/div><div class='ff-el-group ff-text-left ff_submit_btn_wrapper'><button type=\"submit\" class=\"ff-btn ff-btn-submit ff-btn-md ff_btn_style wpf_has_custom_css\"  aria-label=\"Envoyer ma demande\">Envoyer ma demande <\/button><\/div><\/fieldset><\/form><div id='fluentform_3_errors' class='ff-errors-in-stack ff_form_instance_3_1 ff-form-loading_errors ff_form_instance_3_1_errors'><\/div><\/div>            <script type=\"text\/javascript\">\n                window.fluent_form_ff_form_instance_3_1 = {\"id\":\"3\",\"settings\":{\"layout\":{\"labelPlacement\":\"top\",\"asteriskPlacement\":\"asterisk-right\",\"helpMessagePlacement\":\"with_label\",\"errorMessagePlacement\":\"inline\",\"cssClassName\":\"\"},\"restrictions\":{\"denyEmptySubmission\":{\"enabled\":false}}},\"form_instance\":\"ff_form_instance_3_1\",\"form_id_selector\":\"fluentform_3\",\"rules\":{\"names[first_name]\":{\"required\":{\"value\":false,\"message\":\"Ce champ est obligatoire\",\"global_message\":\"Ce champ est obligatoire\",\"global\":true}},\"names[middle_name]\":{\"required\":{\"value\":false,\"message\":\"Ce champ est obligatoire\",\"global_message\":\"Ce champ est obligatoire\",\"global\":true}},\"names[last_name]\":{\"required\":{\"value\":false,\"message\":\"Ce champ est obligatoire\",\"global_message\":\"Ce champ est obligatoire\",\"global\":true}},\"input_text\":{\"required\":{\"value\":false,\"message\":\"Ce champ est obligatoire\",\"global_message\":\"Ce champ est obligatoire\",\"global\":true}},\"telephone\":{\"required\":{\"value\":false,\"message\":\"Ce champ est obligatoire\",\"global_message\":\"Ce champ est obligatoire\",\"global\":true}},\"email\":{\"required\":{\"value\":true,\"message\":\"Ce champ est obligatoire\",\"global_message\":\"Ce champ est obligatoire\",\"global\":true},\"email\":{\"value\":true,\"message\":\"Ce champ doit contenir un e-mail valide\",\"global_message\":\"Ce champ doit contenir un e-mail valide\",\"global\":true}},\"description\":{\"required\":{\"value\":true,\"message\":\"Ce champ est obligatoire\",\"global_message\":\"Ce champ est obligatoire\",\"global\":true}}},\"debounce_time\":300};\n                            <\/script>\n                        <\/div>\n\n            \t\t\t\t<\/div>\n\t\t\t\t<\/div>\n\t\t\t\t<div class=\"elementor-element elementor-element-1e4ef5a elementor-widget elementor-widget-text-editor\" data-id=\"1e4ef5a\" data-element_type=\"widget\" data-widget_type=\"text-editor.default\">\n\t\t\t\t\t\t\t\t\t<p>R\u00e9ponse rapide &#8211; devis gratuit &#8211; Chauffeurs VTC professionnels au Mans et en Sarthe\u00a0<\/p>\t\t\t\t\t\t\t\t<\/div>\n\t\t\t\t<div class=\"elementor-element elementor-element-25b340a elementor-widget elementor-widget-heading\" data-id=\"25b340a\" data-element_type=\"widget\" data-widget_type=\"heading.default\">\n\t\t\t\t\t<h3 class=\"elementor-heading-title elementor-size-default\">Zone d\u2019intervention \u2013 VTC Le Mans et Sarthe<\/h3>\t\t\t\t<\/div>\n\t\t\t\t<div class=\"elementor-element elementor-element-e256276 elementor-widget elementor-widget-text-editor\" data-id=\"e256276\" data-element_type=\"widget\" data-widget_type=\"text-editor.default\">\n\t\t\t\t\t\t\t\t\t<p>Sarth\u2019Driver est une entreprise de transport VTC sans adresse physique ouverte au public.<br data-start=\"1409\" data-end=\"1412\" \/>Nous intervenons sur <strong data-start=\"1435\" data-end=\"1488\">Le Mans et l\u2019ensemble du d\u00e9partement de la Sarthe<\/strong> pour vos d\u00e9placements priv\u00e9s ou professionnels.<\/p>\t\t\t\t\t\t\t\t<\/div>\n\t\t\t\t<div class=\"elementor-element elementor-element-a3d25ec elementor-widget__width-inherit elementor-widget elementor-widget-google_maps\" data-id=\"a3d25ec\" data-element_type=\"widget\" data-widget_type=\"google_maps.default\">\n\t\t\t\t\t\t\t<div class=\"elementor-custom-embed\">\n\t\t\t<iframe loading=\"lazy\"\n\t\t\t\t\tsrc=\"https:\/\/maps.google.com\/maps?q=Le%20Mans&#038;t=m&#038;z=11&#038;output=embed&#038;iwloc=near\"\n\t\t\t\t\ttitle=\"Le Mans\"\n\t\t\t\t\taria-label=\"Le Mans\"\n\t\t\t><\/iframe>\n\t\t<\/div>\n\t\t\t\t\t\t<\/div>\n\t\t\t\t\t<\/div>\n\t\t\t\t<\/div>\n\t\t\t\t<\/div>\n\t\t","protected":false},"excerpt":{"rendered":"<p>Contact &amp; Devis VTC au Mans et en Sarthe Contactez Sarth\u2019Driver \u2013 VTC Le Mans pour une r\u00e9servation imm\u00e9diate ou [&hellip;]<\/p>\n","protected":false},"author":1,"featured_media":0,"parent":0,"menu_order":0,"comment_status":"closed","ping_status":"closed","template":"","meta":{"site-sidebar-layout":"no-sidebar","site-content-layout":"","ast-site-content-layout":"full-width-container","site-content-style":"default","site-sidebar-style":"default","ast-global-header-display":"","ast-banner-title-visibility":"","ast-main-header-display":"","ast-hfb-above-header-display":"","ast-hfb-below-header-display":"","ast-hfb-mobile-header-display":"","site-post-title":"disabled","ast-breadcrumbs-content":"","ast-featured-img":"disabled","footer-sml-layout":"","ast-disable-related-posts":"","theme-transparent-header-meta":"","adv-header-id-meta":"","stick-header-meta":"","header-above-stick-meta":"","header-main-stick-meta":"","header-below-stick-meta":"","astra-migrate-meta-layouts":"default","ast-page-background-enabled":"default","ast-page-background-meta":{"desktop":{"background-color":"var(--ast-global-color-5)","background-image":"","background-repeat":"repeat","background-position":"center center","background-size":"auto","background-attachment":"scroll","background-type":"","background-media":"","overlay-type":"","overlay-color":"","overlay-opacity":"","overlay-gradient":""},"tablet":{"background-color":"","background-image":"","background-repeat":"repeat","background-position":"center center","background-size":"auto","background-attachment":"scroll","background-type":"","background-media":"","overlay-type":"","overlay-color":"","overlay-opacity":"","overlay-gradient":""},"mobile":{"background-color":"","background-image":"","background-repeat":"repeat","background-position":"center center","background-size":"auto","background-attachment":"scroll","background-type":"","background-media":"","overlay-type":"","overlay-color":"","overlay-opacity":"","overlay-gradient":""}},"ast-content-background-meta":{"desktop":{"background-color":"var(--ast-global-color-4)","background-image":"","background-repeat":"repeat","background-position":"center center","background-size":"auto","background-attachment":"scroll","background-type":"","background-media":"","overlay-type":"","overlay-color":"","overlay-opacity":"","overlay-gradient":""},"tablet":{"background-color":"var(--ast-global-color-4)","background-image":"","background-repeat":"repeat","background-position":"center center","background-size":"auto","background-attachment":"scroll","background-type":"","background-media":"","overlay-type":"","overlay-color":"","overlay-opacity":"","overlay-gradient":""},"mobile":{"background-color":"var(--ast-global-color-4)","background-image":"","background-repeat":"repeat","background-position":"center center","background-size":"auto","background-attachment":"scroll","background-type":"","background-media":"","overlay-type":"","overlay-color":"","overlay-opacity":"","overlay-gradient":""}},"footnotes":""},"class_list":["post-67","page","type-page","status-publish","hentry"],"_links":{"self":[{"href":"https:\/\/sarthdriver-vtc-le-mans.fr\/index.php\/wp-json\/wp\/v2\/pages\/67","targetHints":{"allow":["GET"]}}],"collection":[{"href":"https:\/\/sarthdriver-vtc-le-mans.fr\/index.php\/wp-json\/wp\/v2\/pages"}],"about":[{"href":"https:\/\/sarthdriver-vtc-le-mans.fr\/index.php\/wp-json\/wp\/v2\/types\/page"}],"author":[{"embeddable":true,"href":"https:\/\/sarthdriver-vtc-le-mans.fr\/index.php\/wp-json\/wp\/v2\/users\/1"}],"replies":[{"embeddable":true,"href":"https:\/\/sarthdriver-vtc-le-mans.fr\/index.php\/wp-json\/wp\/v2\/comments?post=67"}],"version-history":[{"count":21,"href":"https:\/\/sarthdriver-vtc-le-mans.fr\/index.php\/wp-json\/wp\/v2\/pages\/67\/revisions"}],"predecessor-version":[{"id":289,"href":"https:\/\/sarthdriver-vtc-le-mans.fr\/index.php\/wp-json\/wp\/v2\/pages\/67\/revisions\/289"}],"wp:attachment":[{"href":"https:\/\/sarthdriver-vtc-le-mans.fr\/index.php\/wp-json\/wp\/v2\/media?parent=67"}],"curies":[{"name":"wp","href":"https:\/\/api.w.org\/{rel}","templated":true}]}}